{"id":69,"date":"2025-01-23T18:40:26","date_gmt":"2025-01-23T21:40:26","guid":{"rendered":"https:\/\/cafedesign.com.br\/photon\/?page_id=69"},"modified":"2025-08-15T11:01:36","modified_gmt":"2025-08-15T14:01:36","slug":"clinica","status":"publish","type":"page","link":"https:\/\/cafedesign.com.br\/photon\/clinica\/","title":{"rendered":"A cl\u00ednica"},"content":{"rendered":"\t\t<div data-elementor-type=\"wp-page\" data-elementor-id=\"69\" class=\"elementor elementor-69\" data-elementor-post-type=\"page\">\n\t\t\t\t<div class=\"elementor-element elementor-element-daf760d e-flex e-con-boxed e-con e-parent\" data-id=\"daf760d\" data-element_type=\"container\" data-settings=\"{&quot;background_background&quot;:&quot;classic&quot;}\">\n\t\t\t\t\t<div class=\"e-con-inner\">\n\t\t<div class=\"elementor-element elementor-element-6a54d40 e-con-full e-flex e-con e-child\" data-id=\"6a54d40\" data-element_type=\"container\">\n\t\t<div class=\"elementor-element elementor-element-412190e e-con-full e-flex e-con e-child\" data-id=\"412190e\" data-element_type=\"container\">\n\t\t\t\t<div class=\"elementor-element elementor-element-b385aaa elementor-widget elementor-widget-image\" data-id=\"b385aaa\" data-element_type=\"widget\" data-widget_type=\"image.default\">\n\t\t\t\t\t\t\t\t\t\t\t\t\t\t\t<img fetchpriority=\"high\" decoding=\"async\" width=\"800\" height=\"1000\" src=\"https:\/\/cafedesign.com.br\/photon\/wp-content\/uploads\/2025\/02\/blog-image-819x1024.jpg\" class=\"attachment-large size-large wp-image-7340\" alt=\"\" srcset=\"https:\/\/cafedesign.com.br\/photon\/wp-content\/uploads\/2025\/02\/blog-image-819x1024.jpg 819w, https:\/\/cafedesign.com.br\/photon\/wp-content\/uploads\/2025\/02\/blog-image-240x300.jpg 240w, https:\/\/cafedesign.com.br\/photon\/wp-content\/uploads\/2025\/02\/blog-image-768x960.jpg 768w, https:\/\/cafedesign.com.br\/photon\/wp-content\/uploads\/2025\/02\/blog-image.jpg 1080w\" sizes=\"(max-width: 800px) 100vw, 800px\" \/>\t\t\t\t\t\t\t\t\t\t\t\t\t\t\t<\/div>\n\t\t\t\t<\/div>\n\t\t<div class=\"elementor-element elementor-element-f42f4d9 e-con-full e-flex e-con e-child\" data-id=\"f42f4d9\" data-element_type=\"container\">\n\t\t\t\t<div class=\"elementor-element elementor-element-510f088 elementor-mobile-align-left elementor-align-left elementor-widget-mobile__width-inherit elementor-widget elementor-widget-breadcrumbs\" data-id=\"510f088\" data-element_type=\"widget\" data-widget_type=\"breadcrumbs.default\">\n\t\t\t\t\t<p id=\"breadcrumbs\"><span><span><a href=\"https:\/\/cafedesign.com.br\/photon\/\">Home<\/a><\/span><\/span><\/p>\t\t\t\t<\/div>\n\t\t\t\t<div class=\"elementor-element elementor-element-ea97fcf elementor-widget__width-initial elementor-widget elementor-widget-heading\" data-id=\"ea97fcf\" data-element_type=\"widget\" data-widget_type=\"heading.default\">\n\t\t\t\t\t<h1 class=\"elementor-heading-title elementor-size-default\">Sobre a <b>Photon Oftalmologia Avan\u00e7ada<\/b><\/h1>\t\t\t\t<\/div>\n\t\t\t\t<div class=\"elementor-element elementor-element-c3b396b elementor-widget__width-initial elementor-widget elementor-widget-text-editor\" data-id=\"c3b396b\" data-element_type=\"widget\" data-widget_type=\"text-editor.default\">\n\t\t\t\t\t\t\t\t\t<p>Localizada em Belo Horizonte, a Photon nasceu do desejo de oferecer um atendimento oftalmol\u00f3gico completo, moderno e com m\u00e1xima excel\u00eancia.<\/p><p>Nossa estrutura foi pensada para proporcionar conforto, seguran\u00e7a e acolhimento em todas as etapas do cuidado com a vis\u00e3o. Com equipamentos de \u00faltima gera\u00e7\u00e3o e uma equipe multidisciplinar especializada, estamos prontos para cuidar da sua sa\u00fade ocular com excel\u00eancia.<\/p>\t\t\t\t\t\t\t\t<\/div>\n\t\t\t\t<div class=\"elementor-element elementor-element-141e55d elementor-widget__width-initial elementor-widget elementor-widget-text-editor\" data-id=\"141e55d\" data-element_type=\"widget\" data-widget_type=\"text-editor.default\">\n\t\t\t\t\t\t\t\t\t<p>Diferenciais:<\/p>\t\t\t\t\t\t\t\t<\/div>\n\t\t<div class=\"elementor-element elementor-element-4663337 e-con-full e-flex e-con e-child\" data-id=\"4663337\" data-element_type=\"container\">\n\t\t<div class=\"elementor-element elementor-element-af332d4 e-con-full e-flex e-con e-child\" data-id=\"af332d4\" data-element_type=\"container\">\n\t\t\t\t<div class=\"elementor-element elementor-element-d225726 elementor-icon-list--layout-traditional elementor-list-item-link-full_width elementor-widget elementor-widget-icon-list\" data-id=\"d225726\" data-element_type=\"widget\" data-widget_type=\"icon-list.default\">\n\t\t\t\t\t\t\t<ul class=\"elementor-icon-list-items\">\n\t\t\t\t\t\t\t<li class=\"elementor-icon-list-item\">\n\t\t\t\t\t\t\t\t\t\t\t<span class=\"elementor-icon-list-icon\">\n\t\t\t\t\t\t\t<svg aria-hidden=\"true\" class=\"e-font-icon-svg e-fas-check\" viewBox=\"0 0 512 512\" xmlns=\"http:\/\/www.w3.org\/2000\/svg\"><path d=\"M173.898 439.404l-166.4-166.4c-9.997-9.997-9.997-26.206 0-36.204l36.203-36.204c9.997-9.998 26.207-9.998 36.204 0L192 312.69 432.095 72.596c9.997-9.997 26.207-9.997 36.204 0l36.203 36.204c9.997 9.997 9.997 26.206 0 36.204l-294.4 294.401c-9.998 9.997-26.207 9.997-36.204-.001z\"><\/path><\/svg>\t\t\t\t\t\t<\/span>\n\t\t\t\t\t\t\t\t\t\t<span class=\"elementor-icon-list-text\">Ambiente acolhedor e humanizado<\/span>\n\t\t\t\t\t\t\t\t\t<\/li>\n\t\t\t\t\t\t\t\t<li class=\"elementor-icon-list-item\">\n\t\t\t\t\t\t\t\t\t\t\t<span class=\"elementor-icon-list-icon\">\n\t\t\t\t\t\t\t<svg aria-hidden=\"true\" class=\"e-font-icon-svg e-fas-check\" viewBox=\"0 0 512 512\" xmlns=\"http:\/\/www.w3.org\/2000\/svg\"><path d=\"M173.898 439.404l-166.4-166.4c-9.997-9.997-9.997-26.206 0-36.204l36.203-36.204c9.997-9.998 26.207-9.998 36.204 0L192 312.69 432.095 72.596c9.997-9.997 26.207-9.997 36.204 0l36.203 36.204c9.997 9.997 9.997 26.206 0 36.204l-294.4 294.401c-9.998 9.997-26.207 9.997-36.204-.001z\"><\/path><\/svg>\t\t\t\t\t\t<\/span>\n\t\t\t\t\t\t\t\t\t\t<span class=\"elementor-icon-list-text\">Atendimento multidisciplinar<\/span>\n\t\t\t\t\t\t\t\t\t<\/li>\n\t\t\t\t\t\t<\/ul>\n\t\t\t\t\t\t<\/div>\n\t\t\t\t<\/div>\n\t\t<div class=\"elementor-element elementor-element-9727e85 e-con-full e-flex e-con e-child\" data-id=\"9727e85\" data-element_type=\"container\">\n\t\t\t\t<div class=\"elementor-element elementor-element-5e8f108 elementor-icon-list--layout-traditional elementor-list-item-link-full_width elementor-widget elementor-widget-icon-list\" data-id=\"5e8f108\" data-element_type=\"widget\" data-widget_type=\"icon-list.default\">\n\t\t\t\t\t\t\t<ul class=\"elementor-icon-list-items\">\n\t\t\t\t\t\t\t<li class=\"elementor-icon-list-item\">\n\t\t\t\t\t\t\t\t\t\t\t<span class=\"elementor-icon-list-icon\">\n\t\t\t\t\t\t\t<svg aria-hidden=\"true\" class=\"e-font-icon-svg e-fas-check\" viewBox=\"0 0 512 512\" xmlns=\"http:\/\/www.w3.org\/2000\/svg\"><path d=\"M173.898 439.404l-166.4-166.4c-9.997-9.997-9.997-26.206 0-36.204l36.203-36.204c9.997-9.998 26.207-9.998 36.204 0L192 312.69 432.095 72.596c9.997-9.997 26.207-9.997 36.204 0l36.203 36.204c9.997 9.997 9.997 26.206 0 36.204l-294.4 294.401c-9.998 9.997-26.207 9.997-36.204-.001z\"><\/path><\/svg>\t\t\t\t\t\t<\/span>\n\t\t\t\t\t\t\t\t\t\t<span class=\"elementor-icon-list-text\">Equipamentos de alta tecnologia<\/span>\n\t\t\t\t\t\t\t\t\t<\/li>\n\t\t\t\t\t\t\t\t<li class=\"elementor-icon-list-item\">\n\t\t\t\t\t\t\t\t\t\t\t<span class=\"elementor-icon-list-icon\">\n\t\t\t\t\t\t\t<svg aria-hidden=\"true\" class=\"e-font-icon-svg e-fas-check\" viewBox=\"0 0 512 512\" xmlns=\"http:\/\/www.w3.org\/2000\/svg\"><path d=\"M173.898 439.404l-166.4-166.4c-9.997-9.997-9.997-26.206 0-36.204l36.203-36.204c9.997-9.998 26.207-9.998 36.204 0L192 312.69 432.095 72.596c9.997-9.997 26.207-9.997 36.204 0l36.203 36.204c9.997 9.997 9.997 26.206 0 36.204l-294.4 294.401c-9.998 9.997-26.207 9.997-36.204-.001z\"><\/path><\/svg>\t\t\t\t\t\t<\/span>\n\t\t\t\t\t\t\t\t\t\t<span class=\"elementor-icon-list-text\">Localiza\u00e7\u00e3o privilegiada<\/span>\n\t\t\t\t\t\t\t\t\t<\/li>\n\t\t\t\t\t\t<\/ul>\n\t\t\t\t\t\t<\/div>\n\t\t\t\t<\/div>\n\t\t\t\t<\/div>\n\t\t\t\t<\/div>\n\t\t\t\t<\/div>\n\t\t\t\t\t<\/div>\n\t\t\t\t<\/div>\n\t\t\t\t<\/div>\n\t\t","protected":false},"excerpt":{"rendered":"<p>Sobre a Photon Oftalmologia Avan\u00e7ada Localizada em Belo Horizonte, a Photon nasceu do desejo de oferecer um atendimento oftalmol\u00f3gico completo, moderno e com m\u00e1xima excel\u00eancia. Nossa estrutura foi pensada para proporcionar conforto, seguran\u00e7a e acolhimento em todas as etapas do cuidado com a vis\u00e3o. Com equipamentos de \u00faltima gera\u00e7\u00e3o e uma equipe multidisciplinar especializada, estamos [&hellip;]<\/p>\n","protected":false},"author":3,"featured_media":7377,"parent":0,"menu_order":0,"comment_status":"closed","ping_status":"closed","template":"","meta":{"inline_featured_image":false,"footnotes":""},"class_list":["post-69","page","type-page","status-publish","has-post-thumbnail","hentry"],"yoast_head":"<!-- This site is optimized with the Yoast SEO plugin v25.7 - https:\/\/yoast.com\/wordpress\/plugins\/seo\/ -->\n<title>A cl\u00ednica - Photon Oftalmologia Avan\u00e7ada<\/title>\n<meta name=\"description\" content=\"Lorem ipsum dolor sit amet, consectetur adipiscing elit. Mauris finibus elit fringilla, varius nulla ac, eleifend eros. Etiam posuere purus lorem, in convallis augue convallis a. Quisque pretium pulvinar condimentum.\" \/>\n<meta name=\"robots\" content=\"index, follow, max-snippet:-1, max-image-preview:large, max-video-preview:-1\" \/>\n<link rel=\"canonical\" href=\"https:\/\/cafedesign.com.br\/photon\/clinica\/\" \/>\n<meta property=\"og:locale\" content=\"pt_BR\" \/>\n<meta property=\"og:type\" content=\"article\" \/>\n<meta property=\"og:title\" content=\"A cl\u00ednica - Photon Oftalmologia Avan\u00e7ada\" \/>\n<meta property=\"og:description\" content=\"Lorem ipsum dolor sit amet, consectetur adipiscing elit. Mauris finibus elit fringilla, varius nulla ac, eleifend eros. Etiam posuere purus lorem, in convallis augue convallis a. Quisque pretium pulvinar condimentum.\" \/>\n<meta property=\"og:url\" content=\"https:\/\/cafedesign.com.br\/photon\/clinica\/\" \/>\n<meta property=\"og:site_name\" content=\"Photon Oftalmologia\" \/>\n<meta property=\"article:modified_time\" content=\"2025-08-15T14:01:36+00:00\" \/>\n<meta property=\"og:image\" content=\"https:\/\/cafedesign.com.br\/photon\/wp-content\/uploads\/2025\/06\/photon-oftalmologia-avancada-01.jpg\" \/>\n\t<meta property=\"og:image:width\" content=\"700\" \/>\n\t<meta property=\"og:image:height\" content=\"700\" \/>\n\t<meta property=\"og:image:type\" content=\"image\/jpeg\" \/>\n<meta name=\"twitter:card\" content=\"summary_large_image\" \/>\n<meta name=\"twitter:title\" content=\"A cl\u00ednica - Photon Oftalmologia Avan\u00e7ada\" \/>\n<meta name=\"twitter:description\" content=\"Lorem ipsum dolor sit amet, consectetur adipiscing elit. Mauris finibus elit fringilla, varius nulla ac, eleifend eros. Etiam posuere purus lorem, in convallis augue convallis a. Quisque pretium pulvinar condimentum.\" \/>\n<meta name=\"twitter:image\" content=\"https:\/\/cafedesign.com.br\/photon\/wp-content\/uploads\/2025\/06\/photon-oftalmologia-avancada-01.jpg\" \/>\n<meta name=\"twitter:label1\" content=\"Est. tempo de leitura\" \/>\n\t<meta name=\"twitter:data1\" content=\"1 minuto\" \/>\n<script type=\"application\/ld+json\" class=\"yoast-schema-graph\">{\"@context\":\"https:\/\/schema.org\",\"@graph\":[{\"@type\":\"WebPage\",\"@id\":\"https:\/\/cafedesign.com.br\/photon\/clinica\/\",\"url\":\"https:\/\/cafedesign.com.br\/photon\/clinica\/\",\"name\":\"A cl\u00ednica - Photon Oftalmologia Avan\u00e7ada\",\"isPartOf\":{\"@id\":\"https:\/\/cafedesign.com.br\/photon\/#website\"},\"primaryImageOfPage\":{\"@id\":\"https:\/\/cafedesign.com.br\/photon\/clinica\/#primaryimage\"},\"image\":{\"@id\":\"https:\/\/cafedesign.com.br\/photon\/clinica\/#primaryimage\"},\"thumbnailUrl\":\"https:\/\/cafedesign.com.br\/photon\/wp-content\/uploads\/2025\/06\/photon-oftalmologia-avancada-01.jpg\",\"datePublished\":\"2025-01-23T21:40:26+00:00\",\"dateModified\":\"2025-08-15T14:01:36+00:00\",\"description\":\"Lorem ipsum dolor sit amet, consectetur adipiscing elit. Mauris finibus elit fringilla, varius nulla ac, eleifend eros. Etiam posuere purus lorem, in convallis augue convallis a. Quisque pretium pulvinar condimentum.\",\"breadcrumb\":{\"@id\":\"https:\/\/cafedesign.com.br\/photon\/clinica\/#breadcrumb\"},\"inLanguage\":\"pt-BR\",\"potentialAction\":[{\"@type\":\"ReadAction\",\"target\":[\"https:\/\/cafedesign.com.br\/photon\/clinica\/\"]}]},{\"@type\":\"ImageObject\",\"inLanguage\":\"pt-BR\",\"@id\":\"https:\/\/cafedesign.com.br\/photon\/clinica\/#primaryimage\",\"url\":\"https:\/\/cafedesign.com.br\/photon\/wp-content\/uploads\/2025\/06\/photon-oftalmologia-avancada-01.jpg\",\"contentUrl\":\"https:\/\/cafedesign.com.br\/photon\/wp-content\/uploads\/2025\/06\/photon-oftalmologia-avancada-01.jpg\",\"width\":700,\"height\":700,\"caption\":\"Photon Oftalmologia Avan\u00e7ada\"},{\"@type\":\"BreadcrumbList\",\"@id\":\"https:\/\/cafedesign.com.br\/photon\/clinica\/#breadcrumb\",\"itemListElement\":[{\"@type\":\"ListItem\",\"position\":1,\"name\":\"Home\",\"item\":\"https:\/\/cafedesign.com.br\/photon\/\"},{\"@type\":\"ListItem\",\"position\":2,\"name\":\"A cl\u00ednica\"}]},{\"@type\":\"WebSite\",\"@id\":\"https:\/\/cafedesign.com.br\/photon\/#website\",\"url\":\"https:\/\/cafedesign.com.br\/photon\/\",\"name\":\"Dr. Carlos Petto\",\"description\":\"Oftalmologia com Excel\u00eancia. Acompanhamento completo e melhoria da qualidade visual do paciente.\",\"publisher\":{\"@id\":\"https:\/\/cafedesign.com.br\/photon\/#organization\"},\"potentialAction\":[{\"@type\":\"SearchAction\",\"target\":{\"@type\":\"EntryPoint\",\"urlTemplate\":\"https:\/\/cafedesign.com.br\/photon\/?s={search_term_string}\"},\"query-input\":{\"@type\":\"PropertyValueSpecification\",\"valueRequired\":true,\"valueName\":\"search_term_string\"}}],\"inLanguage\":\"pt-BR\"},{\"@type\":\"Organization\",\"@id\":\"https:\/\/cafedesign.com.br\/photon\/#organization\",\"name\":\"Dr. Carlos Petto\",\"url\":\"https:\/\/cafedesign.com.br\/photon\/\",\"logo\":{\"@type\":\"ImageObject\",\"inLanguage\":\"pt-BR\",\"@id\":\"https:\/\/cafedesign.com.br\/photon\/#\/schema\/logo\/image\/\",\"url\":\"\",\"contentUrl\":\"\",\"caption\":\"Dr. Carlos Petto\"},\"image\":{\"@id\":\"https:\/\/cafedesign.com.br\/photon\/#\/schema\/logo\/image\/\"},\"sameAs\":[\"https:\/\/www.instagram.com\/drcarlospetto\/\",\"https:\/\/www.doctoralia.com.br\/carlos-petto\/urologista\/rio-de-janeiro\",\"https:\/\/www.linkedin.com\/in\/carlospetto\/\"]}]}<\/script>\n<!-- \/ Yoast SEO plugin. -->","yoast_head_json":{"title":"A cl\u00ednica - Photon Oftalmologia Avan\u00e7ada","description":"Lorem ipsum dolor sit amet, consectetur adipiscing elit. Mauris finibus elit fringilla, varius nulla ac, eleifend eros. Etiam posuere purus lorem, in convallis augue convallis a. Quisque pretium pulvinar condimentum.","robots":{"index":"index","follow":"follow","max-snippet":"max-snippet:-1","max-image-preview":"max-image-preview:large","max-video-preview":"max-video-preview:-1"},"canonical":"https:\/\/cafedesign.com.br\/photon\/clinica\/","og_locale":"pt_BR","og_type":"article","og_title":"A cl\u00ednica - Photon Oftalmologia Avan\u00e7ada","og_description":"Lorem ipsum dolor sit amet, consectetur adipiscing elit. Mauris finibus elit fringilla, varius nulla ac, eleifend eros. Etiam posuere purus lorem, in convallis augue convallis a. Quisque pretium pulvinar condimentum.","og_url":"https:\/\/cafedesign.com.br\/photon\/clinica\/","og_site_name":"Photon Oftalmologia","article_modified_time":"2025-08-15T14:01:36+00:00","og_image":[{"width":700,"height":700,"url":"https:\/\/cafedesign.com.br\/photon\/wp-content\/uploads\/2025\/06\/photon-oftalmologia-avancada-01.jpg","type":"image\/jpeg"}],"twitter_card":"summary_large_image","twitter_title":"A cl\u00ednica - Photon Oftalmologia Avan\u00e7ada","twitter_description":"Lorem ipsum dolor sit amet, consectetur adipiscing elit. Mauris finibus elit fringilla, varius nulla ac, eleifend eros. Etiam posuere purus lorem, in convallis augue convallis a. Quisque pretium pulvinar condimentum.","twitter_image":"https:\/\/cafedesign.com.br\/photon\/wp-content\/uploads\/2025\/06\/photon-oftalmologia-avancada-01.jpg","twitter_misc":{"Est. tempo de leitura":"1 minuto"},"schema":{"@context":"https:\/\/schema.org","@graph":[{"@type":"WebPage","@id":"https:\/\/cafedesign.com.br\/photon\/clinica\/","url":"https:\/\/cafedesign.com.br\/photon\/clinica\/","name":"A cl\u00ednica - Photon Oftalmologia Avan\u00e7ada","isPartOf":{"@id":"https:\/\/cafedesign.com.br\/photon\/#website"},"primaryImageOfPage":{"@id":"https:\/\/cafedesign.com.br\/photon\/clinica\/#primaryimage"},"image":{"@id":"https:\/\/cafedesign.com.br\/photon\/clinica\/#primaryimage"},"thumbnailUrl":"https:\/\/cafedesign.com.br\/photon\/wp-content\/uploads\/2025\/06\/photon-oftalmologia-avancada-01.jpg","datePublished":"2025-01-23T21:40:26+00:00","dateModified":"2025-08-15T14:01:36+00:00","description":"Lorem ipsum dolor sit amet, consectetur adipiscing elit. Mauris finibus elit fringilla, varius nulla ac, eleifend eros. Etiam posuere purus lorem, in convallis augue convallis a. Quisque pretium pulvinar condimentum.","breadcrumb":{"@id":"https:\/\/cafedesign.com.br\/photon\/clinica\/#breadcrumb"},"inLanguage":"pt-BR","potentialAction":[{"@type":"ReadAction","target":["https:\/\/cafedesign.com.br\/photon\/clinica\/"]}]},{"@type":"ImageObject","inLanguage":"pt-BR","@id":"https:\/\/cafedesign.com.br\/photon\/clinica\/#primaryimage","url":"https:\/\/cafedesign.com.br\/photon\/wp-content\/uploads\/2025\/06\/photon-oftalmologia-avancada-01.jpg","contentUrl":"https:\/\/cafedesign.com.br\/photon\/wp-content\/uploads\/2025\/06\/photon-oftalmologia-avancada-01.jpg","width":700,"height":700,"caption":"Photon Oftalmologia Avan\u00e7ada"},{"@type":"BreadcrumbList","@id":"https:\/\/cafedesign.com.br\/photon\/clinica\/#breadcrumb","itemListElement":[{"@type":"ListItem","position":1,"name":"Home","item":"https:\/\/cafedesign.com.br\/photon\/"},{"@type":"ListItem","position":2,"name":"A cl\u00ednica"}]},{"@type":"WebSite","@id":"https:\/\/cafedesign.com.br\/photon\/#website","url":"https:\/\/cafedesign.com.br\/photon\/","name":"Dr. Carlos Petto","description":"Oftalmologia com Excel\u00eancia. Acompanhamento completo e melhoria da qualidade visual do paciente.","publisher":{"@id":"https:\/\/cafedesign.com.br\/photon\/#organization"},"potentialAction":[{"@type":"SearchAction","target":{"@type":"EntryPoint","urlTemplate":"https:\/\/cafedesign.com.br\/photon\/?s={search_term_string}"},"query-input":{"@type":"PropertyValueSpecification","valueRequired":true,"valueName":"search_term_string"}}],"inLanguage":"pt-BR"},{"@type":"Organization","@id":"https:\/\/cafedesign.com.br\/photon\/#organization","name":"Dr. Carlos Petto","url":"https:\/\/cafedesign.com.br\/photon\/","logo":{"@type":"ImageObject","inLanguage":"pt-BR","@id":"https:\/\/cafedesign.com.br\/photon\/#\/schema\/logo\/image\/","url":"","contentUrl":"","caption":"Dr. Carlos Petto"},"image":{"@id":"https:\/\/cafedesign.com.br\/photon\/#\/schema\/logo\/image\/"},"sameAs":["https:\/\/www.instagram.com\/drcarlospetto\/","https:\/\/www.doctoralia.com.br\/carlos-petto\/urologista\/rio-de-janeiro","https:\/\/www.linkedin.com\/in\/carlospetto\/"]}]}},"_links":{"self":[{"href":"https:\/\/cafedesign.com.br\/photon\/wp-json\/wp\/v2\/pages\/69","targetHints":{"allow":["GET"]}}],"collection":[{"href":"https:\/\/cafedesign.com.br\/photon\/wp-json\/wp\/v2\/pages"}],"about":[{"href":"https:\/\/cafedesign.com.br\/photon\/wp-json\/wp\/v2\/types\/page"}],"author":[{"embeddable":true,"href":"https:\/\/cafedesign.com.br\/photon\/wp-json\/wp\/v2\/users\/3"}],"replies":[{"embeddable":true,"href":"https:\/\/cafedesign.com.br\/photon\/wp-json\/wp\/v2\/comments?post=69"}],"version-history":[{"count":323,"href":"https:\/\/cafedesign.com.br\/photon\/wp-json\/wp\/v2\/pages\/69\/revisions"}],"predecessor-version":[{"id":9782,"href":"https:\/\/cafedesign.com.br\/photon\/wp-json\/wp\/v2\/pages\/69\/revisions\/9782"}],"wp:featuredmedia":[{"embeddable":true,"href":"https:\/\/cafedesign.com.br\/photon\/wp-json\/wp\/v2\/media\/7377"}],"wp:attachment":[{"href":"https:\/\/cafedesign.com.br\/photon\/wp-json\/wp\/v2\/media?parent=69"}],"curies":[{"name":"wp","href":"https:\/\/api.w.org\/{rel}","templated":true}]}}