{"id":77,"date":"2025-01-23T18:41:24","date_gmt":"2025-01-23T21:41:24","guid":{"rendered":"https:\/\/cafedesign.com.br\/photon\/?page_id=77"},"modified":"2025-08-22T09:49:54","modified_gmt":"2025-08-22T12:49:54","slug":"agendar-consulta","status":"publish","type":"page","link":"https:\/\/cafedesign.com.br\/photon\/agendar-consulta\/","title":{"rendered":"Agendar Consulta"},"content":{"rendered":"\t\t<div data-elementor-type=\"wp-page\" data-elementor-id=\"77\" class=\"elementor elementor-77\" data-elementor-post-type=\"page\">\n\t\t\t\t<div class=\"elementor-element elementor-element-7b9181b e-flex e-con-boxed e-con e-parent\" data-id=\"7b9181b\" data-element_type=\"container\" data-settings=\"{&quot;background_background&quot;:&quot;classic&quot;}\">\n\t\t\t\t\t<div class=\"e-con-inner\">\n\t\t<div class=\"elementor-element elementor-element-baa551f e-con-full e-flex e-con e-child\" data-id=\"baa551f\" data-element_type=\"container\">\n\t\t<div class=\"elementor-element elementor-element-62497e6 e-con-full e-flex e-con e-child\" data-id=\"62497e6\" data-element_type=\"container\">\n\t\t\t\t<div class=\"elementor-element elementor-element-aef3b60 elementor-mobile-align-center elementor-align-center elementor-widget elementor-widget-breadcrumbs\" data-id=\"aef3b60\" data-element_type=\"widget\" data-widget_type=\"breadcrumbs.default\">\n\t\t\t\t\t<p id=\"breadcrumbs\"><span><span><a href=\"https:\/\/cafedesign.com.br\/photon\/\">Home<\/a><\/span><\/span><\/p>\t\t\t\t<\/div>\n\t\t\t\t<div class=\"elementor-element elementor-element-aba323b elementor-widget-divider--view-line elementor-widget elementor-widget-divider\" data-id=\"aba323b\" data-element_type=\"widget\" data-widget_type=\"divider.default\">\n\t\t\t\t\t\t\t<div class=\"elementor-divider\">\n\t\t\t<span class=\"elementor-divider-separator\">\n\t\t\t\t\t\t<\/span>\n\t\t<\/div>\n\t\t\t\t\t\t<\/div>\n\t\t\t\t<div class=\"elementor-element elementor-element-624876a elementor-widget-mobile__width-initial elementor-hidden-mobile elementor-widget elementor-widget-heading\" data-id=\"624876a\" data-element_type=\"widget\" data-widget_type=\"heading.default\">\n\t\t\t\t\t<h1 class=\"elementor-heading-title elementor-size-default\">AGENDE SUA CONSULTA<\/h1>\t\t\t\t<\/div>\n\t\t\t\t<div class=\"elementor-element elementor-element-0bee9dc elementor-widget-mobile__width-initial elementor-hidden-desktop elementor-hidden-tablet elementor-widget elementor-widget-heading\" data-id=\"0bee9dc\" data-element_type=\"widget\" data-widget_type=\"heading.default\">\n\t\t\t\t\t<h1 class=\"elementor-heading-title elementor-size-default\">AGENDE SUA CONSULTA<\/h1>\t\t\t\t<\/div>\n\t\t\t\t<div class=\"elementor-element elementor-element-7855212 elementor-widget-divider--view-line elementor-widget elementor-widget-divider\" data-id=\"7855212\" data-element_type=\"widget\" data-widget_type=\"divider.default\">\n\t\t\t\t\t\t\t<div class=\"elementor-divider\">\n\t\t\t<span class=\"elementor-divider-separator\">\n\t\t\t\t\t\t<\/span>\n\t\t<\/div>\n\t\t\t\t\t\t<\/div>\n\t\t\t\t<div class=\"elementor-element elementor-element-1dbceff elementor-widget__width-auto elementor-widget-mobile__width-initial elementor-hidden-desktop elementor-hidden-tablet elementor-widget elementor-widget-text-editor\" data-id=\"1dbceff\" data-element_type=\"widget\" data-widget_type=\"text-editor.default\">\n\t\t\t\t\t\t\t\t\t<p>Agendar uma consulta na<br \/><strong>Photon Oftalmologia Avan\u00e7ada<\/strong><br \/>\u00e9 simples e pr\u00e1tico.<\/p>\t\t\t\t\t\t\t\t<\/div>\n\t\t\t\t<div class=\"elementor-element elementor-element-520ef4f elementor-widget__width-auto elementor-widget-mobile__width-initial elementor-hidden-mobile elementor-widget elementor-widget-text-editor\" data-id=\"520ef4f\" data-element_type=\"widget\" data-widget_type=\"text-editor.default\">\n\t\t\t\t\t\t\t\t\t<p>Agendar uma consulta na <strong>Photon Oftalmologia Avan\u00e7ada<\/strong>\u00a0\u00e9 simples e pr\u00e1tico.<\/p>\t\t\t\t\t\t\t\t<\/div>\n\t\t<a class=\"elementor-element elementor-element-beff43a e-con-full e-flex e-con e-child\" data-id=\"beff43a\" data-element_type=\"container\" data-settings=\"{&quot;background_background&quot;:&quot;classic&quot;}\" href=\"https:\/\/wa.me\/5531987141392\" target=\"_blank\">\n\t\t\t\t<div class=\"elementor-element elementor-element-fda09f6 elementor-widget elementor-widget-heading\" data-id=\"fda09f6\" data-element_type=\"widget\" data-widget_type=\"heading.default\">\n\t\t\t\t\t<h3 class=\"elementor-heading-title elementor-size-default\">Central de Agendamento:<\/h3>\t\t\t\t<\/div>\n\t\t\t\t<div class=\"elementor-element elementor-element-7c9ed71 elementor-icon-list--layout-traditional elementor-list-item-link-full_width elementor-widget elementor-widget-icon-list\" data-id=\"7c9ed71\" data-element_type=\"widget\" data-widget_type=\"icon-list.default\">\n\t\t\t\t\t\t\t<ul class=\"elementor-icon-list-items\">\n\t\t\t\t\t\t\t<li class=\"elementor-icon-list-item\">\n\t\t\t\t\t\t\t\t\t\t\t<span class=\"elementor-icon-list-icon\">\n\t\t\t\t\t\t\t<svg xmlns=\"http:\/\/www.w3.org\/2000\/svg\" xmlns:xlink=\"http:\/\/www.w3.org\/1999\/xlink\" id=\"Capa_1\" x=\"0px\" y=\"0px\" viewBox=\"0 0 512 512\" style=\"enable-background:new 0 0 512 512;\" xml:space=\"preserve\"><g>\t<g>\t\t<path d=\"M256.064,0h-0.128C114.784,0,0,114.816,0,256c0,56,18.048,107.904,48.736,150.048l-31.904,95.104l98.4-31.456    C155.712,496.512,204,512,256.064,512C397.216,512,512,397.152,512,256S397.216,0,256.064,0z M405.024,361.504    c-6.176,17.44-30.688,31.904-50.24,36.128c-13.376,2.848-30.848,5.12-89.664-19.264C189.888,347.2,141.44,270.752,137.664,265.792    c-3.616-4.96-30.4-40.48-30.4-77.216s18.656-54.624,26.176-62.304c6.176-6.304,16.384-9.184,26.176-9.184    c3.168,0,6.016,0.16,8.576,0.288c7.52,0.32,11.296,0.768,16.256,12.64c6.176,14.88,21.216,51.616,23.008,55.392    c1.824,3.776,3.648,8.896,1.088,13.856c-2.4,5.12-4.512,7.392-8.288,11.744c-3.776,4.352-7.36,7.68-11.136,12.352    c-3.456,4.064-7.36,8.416-3.008,15.936c4.352,7.36,19.392,31.904,41.536,51.616c28.576,25.44,51.744,33.568,60.032,37.024    c6.176,2.56,13.536,1.952,18.048-2.848c5.728-6.176,12.8-16.416,20-26.496c5.12-7.232,11.584-8.128,18.368-5.568    c6.912,2.4,43.488,20.48,51.008,24.224c7.52,3.776,12.48,5.568,14.304,8.736C411.2,329.152,411.2,344.032,405.024,361.504z\"><\/path>\t<\/g><\/g><g><\/g><g><\/g><g><\/g><g><\/g><g><\/g><g><\/g><g><\/g><g><\/g><g><\/g><g><\/g><g><\/g><g><\/g><g><\/g><g><\/g><g><\/g><\/svg>\t\t\t\t\t\t<\/span>\n\t\t\t\t\t\t\t\t\t\t<span class=\"elementor-icon-list-text\">(31) 98714-1392<\/span>\n\t\t\t\t\t\t\t\t\t<\/li>\n\t\t\t\t\t\t<\/ul>\n\t\t\t\t\t\t<\/div>\n\t\t\t\t<\/a>\n\t\t\t\t<\/div>\n\t\t\t\t<\/div>\n\t\t\t\t\t<\/div>\n\t\t\t\t<\/div>\n\t\t<div class=\"elementor-element elementor-element-88706a6 e-flex e-con-boxed e-con e-parent\" data-id=\"88706a6\" data-element_type=\"container\" data-settings=\"{&quot;background_background&quot;:&quot;classic&quot;}\">\n\t\t\t\t\t<div class=\"e-con-inner\">\n\t\t<div class=\"elementor-element elementor-element-6213876 e-con-full e-flex e-con e-child\" data-id=\"6213876\" data-element_type=\"container\">\n\t\t<div class=\"elementor-element elementor-element-8c52106 e-con-full e-flex e-con e-child\" data-id=\"8c52106\" data-element_type=\"container\" data-settings=\"{&quot;background_background&quot;:&quot;classic&quot;}\">\n\t\t\t\t<div class=\"elementor-element elementor-element-b70850b elementor-widget elementor-widget-heading\" data-id=\"b70850b\" data-element_type=\"widget\" data-widget_type=\"heading.default\">\n\t\t\t\t\t<h3 class=\"elementor-heading-title elementor-size-default\">Photon Oftalmologia Avan\u00e7ada<\/h3>\t\t\t\t<\/div>\n\t\t\t\t<div class=\"elementor-element elementor-element-0508e4c elementor-widget-divider--view-line elementor-widget elementor-widget-divider\" data-id=\"0508e4c\" data-element_type=\"widget\" data-widget_type=\"divider.default\">\n\t\t\t\t\t\t\t<div class=\"elementor-divider\">\n\t\t\t<span class=\"elementor-divider-separator\">\n\t\t\t\t\t\t<\/span>\n\t\t<\/div>\n\t\t\t\t\t\t<\/div>\n\t\t\t\t<div class=\"elementor-element elementor-element-99965d6 elementor-widget-mobile__width-initial elementor-widget elementor-widget-text-editor\" data-id=\"99965d6\" data-element_type=\"widget\" data-widget_type=\"text-editor.default\">\n\t\t\t\t\t\t\t\t\t<p>Av. Brasil, 1438 \u2013 Sala 901<br \/>Funcion\u00e1rios, Belo Horizonte \u2013 MG<\/p>\t\t\t\t\t\t\t\t<\/div>\n\t\t\t\t<div class=\"elementor-element elementor-element-e12de85 elementor-widget elementor-widget-google_maps\" data-id=\"e12de85\" data-element_type=\"widget\" data-widget_type=\"google_maps.default\">\n\t\t\t\t\t\t\t<div class=\"elementor-custom-embed\">\n\t\t\t<iframe loading=\"lazy\"\n\t\t\t\t\tsrc=\"https:\/\/maps.google.com\/maps?q=Av.%20Brasil%2C%201438%2C%20Funcion%C3%A1rios%2C%20Belo%20Horizonte%2C%20MG&#038;t=m&#038;z=18&#038;output=embed&#038;iwloc=near\"\n\t\t\t\t\ttitle=\"Av. Brasil, 1438, Funcion\u00e1rios, Belo Horizonte, MG\"\n\t\t\t\t\taria-label=\"Av. Brasil, 1438, Funcion\u00e1rios, Belo Horizonte, MG\"\n\t\t\t><\/iframe>\n\t\t<\/div>\n\t\t\t\t\t\t<\/div>\n\t\t\t\t<div class=\"elementor-element elementor-element-5649b05 elementor-align-center elementor-mobile-align-center elementor-icon-list--layout-inline elementor-list-item-link-full_width elementor-widget elementor-widget-icon-list\" data-id=\"5649b05\" data-element_type=\"widget\" data-widget_type=\"icon-list.default\">\n\t\t\t\t\t\t\t<ul class=\"elementor-icon-list-items elementor-inline-items\">\n\t\t\t\t\t\t\t<li class=\"elementor-icon-list-item elementor-inline-item\">\n\t\t\t\t\t\t\t\t\t\t\t<a href=\"https:\/\/maps.app.goo.gl\/T6ky71ATDbqMJF3f8\" target=\"_blank\">\n\n\t\t\t\t\t\t\t\t\t\t\t\t<span class=\"elementor-icon-list-icon\">\n\t\t\t\t\t\t\t<svg aria-hidden=\"true\" class=\"e-font-icon-svg e-fas-map-marker-alt\" viewBox=\"0 0 384 512\" xmlns=\"http:\/\/www.w3.org\/2000\/svg\"><path d=\"M172.268 501.67C26.97 291.031 0 269.413 0 192 0 85.961 85.961 0 192 0s192 85.961 192 192c0 77.413-26.97 99.031-172.268 309.67-9.535 13.774-29.93 13.773-39.464 0zM192 272c44.183 0 80-35.817 80-80s-35.817-80-80-80-80 35.817-80 80 35.817 80 80 80z\"><\/path><\/svg>\t\t\t\t\t\t<\/span>\n\t\t\t\t\t\t\t\t\t\t<span class=\"elementor-icon-list-text\">Google Maps<\/span>\n\t\t\t\t\t\t\t\t\t\t\t<\/a>\n\t\t\t\t\t\t\t\t\t<\/li>\n\t\t\t\t\t\t\t\t<li class=\"elementor-icon-list-item elementor-inline-item\">\n\t\t\t\t\t\t\t\t\t\t\t<a href=\"https:\/\/ul.waze.com\/ul?place=ChIJlelFR-iZpgARHZVcvUJks8E&#038;ll=-19.93005310%2C-43.93259310&#038;navigate=yes&#038;utm_campaign=default&#038;utm_source=waze_website&#038;utm_medium=lm_share_location\" target=\"_blank\">\n\n\t\t\t\t\t\t\t\t\t\t\t\t<span class=\"elementor-icon-list-icon\">\n\t\t\t\t\t\t\t<svg aria-hidden=\"true\" class=\"e-font-icon-svg e-fab-waze\" viewBox=\"0 0 512 512\" xmlns=\"http:\/\/www.w3.org\/2000\/svg\"><path d=\"M502.17 201.67C516.69 287.53 471.23 369.59 389 409.8c13 34.1-12.4 70.2-48.32 70.2a51.68 51.68 0 0 1-51.57-49c-6.44.19-64.2 0-76.33-.64A51.69 51.69 0 0 1 159 479.92c-33.86-1.36-57.95-34.84-47-67.92-37.21-13.11-72.54-34.87-99.62-70.8-13-17.28-.48-41.8 20.84-41.8 46.31 0 32.22-54.17 43.15-110.26C94.8 95.2 193.12 32 288.09 32c102.48 0 197.15 70.67 214.08 169.67zM373.51 388.28c42-19.18 81.33-56.71 96.29-102.14 40.48-123.09-64.15-228-181.71-228-83.45 0-170.32 55.42-186.07 136-9.53 48.91 5 131.35-68.75 131.35C58.21 358.6 91.6 378.11 127 389.54c24.66-21.8 63.87-15.47 79.83 14.34 14.22 1 79.19 1.18 87.9.82a51.69 51.69 0 0 1 78.78-16.42zM205.12 187.13c0-34.74 50.84-34.75 50.84 0s-50.84 34.74-50.84 0zm116.57 0c0-34.74 50.86-34.75 50.86 0s-50.86 34.75-50.86 0zm-122.61 70.69c-3.44-16.94 22.18-22.18 25.62-5.21l.06.28c4.14 21.42 29.85 44 64.12 43.07 35.68-.94 59.25-22.21 64.11-42.77 4.46-16.05 28.6-10.36 25.47 6-5.23 22.18-31.21 62-91.46 62.9-42.55 0-80.88-27.84-87.9-64.25z\"><\/path><\/svg>\t\t\t\t\t\t<\/span>\n\t\t\t\t\t\t\t\t\t\t<span class=\"elementor-icon-list-text\">Waze<\/span>\n\t\t\t\t\t\t\t\t\t\t\t<\/a>\n\t\t\t\t\t\t\t\t\t<\/li>\n\t\t\t\t\t\t<\/ul>\n\t\t\t\t\t\t<\/div>\n\t\t\t\t<\/div>\n\t\t\t\t<\/div>\n\t\t\t\t\t<\/div>\n\t\t\t\t<\/div>\n\t\t\t\t<\/div>\n\t\t","protected":false},"excerpt":{"rendered":"<p>AGENDE SUA CONSULTA AGENDE SUA CONSULTA Agendar uma consulta naPhoton Oftalmologia Avan\u00e7ada\u00e9 simples e pr\u00e1tico. Agendar uma consulta na Photon Oftalmologia Avan\u00e7ada\u00a0\u00e9 simples e pr\u00e1tico. Central de Agendamento: (31) 98714-1392 Photon Oftalmologia Avan\u00e7ada Av. Brasil, 1438 \u2013 Sala 901Funcion\u00e1rios, Belo Horizonte \u2013 MG Google Maps Waze<\/p>\n","protected":false},"author":3,"featured_media":0,"parent":0,"menu_order":0,"comment_status":"closed","ping_status":"closed","template":"","meta":{"inline_featured_image":false,"footnotes":""},"class_list":["post-77","page","type-page","status-publish","hentry"],"yoast_head":"<!-- This site is optimized with the Yoast SEO plugin v25.7 - https:\/\/yoast.com\/wordpress\/plugins\/seo\/ -->\n<title>Agendar Consulta - Photon Oftalmologia<\/title>\n<meta name=\"description\" content=\"Agendar uma consulta com o Dr. Carlos Petto \u00e9 simples e pr\u00e1tico. Escolha o local mais conveniente para voc\u00ea: Centro M\u00e9dico Copa D&#039;Or ou Urotech Leblon.\" \/>\n<meta name=\"robots\" content=\"index, follow, max-snippet:-1, max-image-preview:large, max-video-preview:-1\" \/>\n<link rel=\"canonical\" href=\"https:\/\/cafedesign.com.br\/photon\/agendar-consulta\/\" \/>\n<meta property=\"og:locale\" content=\"pt_BR\" \/>\n<meta property=\"og:type\" content=\"article\" \/>\n<meta property=\"og:title\" content=\"Agende sua Consulta - Dr. Carlos Petto\" \/>\n<meta property=\"og:description\" content=\"Agendar uma consulta com o Dr. Carlos Petto \u00e9 simples e pr\u00e1tico. Escolha o local mais conveniente para voc\u00ea: Centro M\u00e9dico Copa D&#039;Or ou Urotech Leblon.\" \/>\n<meta property=\"og:url\" content=\"https:\/\/cafedesign.com.br\/photon\/agendar-consulta\/\" \/>\n<meta property=\"og:site_name\" content=\"Photon Oftalmologia\" \/>\n<meta property=\"article:modified_time\" content=\"2025-08-22T12:49:54+00:00\" \/>\n<meta name=\"twitter:card\" content=\"summary_large_image\" \/>\n<meta name=\"twitter:title\" content=\"Agende sua Consulta - Dr. Carlos Petto\" \/>\n<meta name=\"twitter:description\" content=\"Agendar uma consulta com o Dr. Carlos Petto \u00e9 simples e pr\u00e1tico. Escolha o local mais conveniente para voc\u00ea: Centro M\u00e9dico Copa D&#039;Or ou Urotech Leblon.\" \/>\n<meta name=\"twitter:label1\" content=\"Est. tempo de leitura\" \/>\n\t<meta name=\"twitter:data1\" content=\"1 minuto\" \/>\n<script type=\"application\/ld+json\" class=\"yoast-schema-graph\">{\"@context\":\"https:\/\/schema.org\",\"@graph\":[{\"@type\":\"WebPage\",\"@id\":\"https:\/\/cafedesign.com.br\/photon\/agendar-consulta\/\",\"url\":\"https:\/\/cafedesign.com.br\/photon\/agendar-consulta\/\",\"name\":\"Agendar Consulta - Photon Oftalmologia\",\"isPartOf\":{\"@id\":\"https:\/\/cafedesign.com.br\/photon\/#website\"},\"datePublished\":\"2025-01-23T21:41:24+00:00\",\"dateModified\":\"2025-08-22T12:49:54+00:00\",\"description\":\"Agendar uma consulta com o Dr. Carlos Petto \u00e9 simples e pr\u00e1tico. Escolha o local mais conveniente para voc\u00ea: Centro M\u00e9dico Copa D'Or ou Urotech Leblon.\",\"breadcrumb\":{\"@id\":\"https:\/\/cafedesign.com.br\/photon\/agendar-consulta\/#breadcrumb\"},\"inLanguage\":\"pt-BR\",\"potentialAction\":[{\"@type\":\"ReadAction\",\"target\":[\"https:\/\/cafedesign.com.br\/photon\/agendar-consulta\/\"]}]},{\"@type\":\"BreadcrumbList\",\"@id\":\"https:\/\/cafedesign.com.br\/photon\/agendar-consulta\/#breadcrumb\",\"itemListElement\":[{\"@type\":\"ListItem\",\"position\":1,\"name\":\"Home\",\"item\":\"https:\/\/cafedesign.com.br\/photon\/\"},{\"@type\":\"ListItem\",\"position\":2,\"name\":\"Agendar Consulta\"}]},{\"@type\":\"WebSite\",\"@id\":\"https:\/\/cafedesign.com.br\/photon\/#website\",\"url\":\"https:\/\/cafedesign.com.br\/photon\/\",\"name\":\"Dr. Carlos Petto\",\"description\":\"Oftalmologia com Excel\u00eancia. Acompanhamento completo e melhoria da qualidade visual do paciente.\",\"publisher\":{\"@id\":\"https:\/\/cafedesign.com.br\/photon\/#organization\"},\"potentialAction\":[{\"@type\":\"SearchAction\",\"target\":{\"@type\":\"EntryPoint\",\"urlTemplate\":\"https:\/\/cafedesign.com.br\/photon\/?s={search_term_string}\"},\"query-input\":{\"@type\":\"PropertyValueSpecification\",\"valueRequired\":true,\"valueName\":\"search_term_string\"}}],\"inLanguage\":\"pt-BR\"},{\"@type\":\"Organization\",\"@id\":\"https:\/\/cafedesign.com.br\/photon\/#organization\",\"name\":\"Dr. Carlos Petto\",\"url\":\"https:\/\/cafedesign.com.br\/photon\/\",\"logo\":{\"@type\":\"ImageObject\",\"inLanguage\":\"pt-BR\",\"@id\":\"https:\/\/cafedesign.com.br\/photon\/#\/schema\/logo\/image\/\",\"url\":\"\",\"contentUrl\":\"\",\"caption\":\"Dr. Carlos Petto\"},\"image\":{\"@id\":\"https:\/\/cafedesign.com.br\/photon\/#\/schema\/logo\/image\/\"},\"sameAs\":[\"https:\/\/www.instagram.com\/drcarlospetto\/\",\"https:\/\/www.doctoralia.com.br\/carlos-petto\/urologista\/rio-de-janeiro\",\"https:\/\/www.linkedin.com\/in\/carlospetto\/\"]}]}<\/script>\n<!-- \/ Yoast SEO plugin. -->","yoast_head_json":{"title":"Agendar Consulta - Photon Oftalmologia","description":"Agendar uma consulta com o Dr. Carlos Petto \u00e9 simples e pr\u00e1tico. Escolha o local mais conveniente para voc\u00ea: Centro M\u00e9dico Copa D'Or ou Urotech Leblon.","robots":{"index":"index","follow":"follow","max-snippet":"max-snippet:-1","max-image-preview":"max-image-preview:large","max-video-preview":"max-video-preview:-1"},"canonical":"https:\/\/cafedesign.com.br\/photon\/agendar-consulta\/","og_locale":"pt_BR","og_type":"article","og_title":"Agende sua Consulta - Dr. Carlos Petto","og_description":"Agendar uma consulta com o Dr. Carlos Petto \u00e9 simples e pr\u00e1tico. Escolha o local mais conveniente para voc\u00ea: Centro M\u00e9dico Copa D'Or ou Urotech Leblon.","og_url":"https:\/\/cafedesign.com.br\/photon\/agendar-consulta\/","og_site_name":"Photon Oftalmologia","article_modified_time":"2025-08-22T12:49:54+00:00","twitter_card":"summary_large_image","twitter_title":"Agende sua Consulta - Dr. Carlos Petto","twitter_description":"Agendar uma consulta com o Dr. Carlos Petto \u00e9 simples e pr\u00e1tico. Escolha o local mais conveniente para voc\u00ea: Centro M\u00e9dico Copa D'Or ou Urotech Leblon.","twitter_misc":{"Est. tempo de leitura":"1 minuto"},"schema":{"@context":"https:\/\/schema.org","@graph":[{"@type":"WebPage","@id":"https:\/\/cafedesign.com.br\/photon\/agendar-consulta\/","url":"https:\/\/cafedesign.com.br\/photon\/agendar-consulta\/","name":"Agendar Consulta - Photon Oftalmologia","isPartOf":{"@id":"https:\/\/cafedesign.com.br\/photon\/#website"},"datePublished":"2025-01-23T21:41:24+00:00","dateModified":"2025-08-22T12:49:54+00:00","description":"Agendar uma consulta com o Dr. Carlos Petto \u00e9 simples e pr\u00e1tico. Escolha o local mais conveniente para voc\u00ea: Centro M\u00e9dico Copa D'Or ou Urotech Leblon.","breadcrumb":{"@id":"https:\/\/cafedesign.com.br\/photon\/agendar-consulta\/#breadcrumb"},"inLanguage":"pt-BR","potentialAction":[{"@type":"ReadAction","target":["https:\/\/cafedesign.com.br\/photon\/agendar-consulta\/"]}]},{"@type":"BreadcrumbList","@id":"https:\/\/cafedesign.com.br\/photon\/agendar-consulta\/#breadcrumb","itemListElement":[{"@type":"ListItem","position":1,"name":"Home","item":"https:\/\/cafedesign.com.br\/photon\/"},{"@type":"ListItem","position":2,"name":"Agendar Consulta"}]},{"@type":"WebSite","@id":"https:\/\/cafedesign.com.br\/photon\/#website","url":"https:\/\/cafedesign.com.br\/photon\/","name":"Dr. Carlos Petto","description":"Oftalmologia com Excel\u00eancia. Acompanhamento completo e melhoria da qualidade visual do paciente.","publisher":{"@id":"https:\/\/cafedesign.com.br\/photon\/#organization"},"potentialAction":[{"@type":"SearchAction","target":{"@type":"EntryPoint","urlTemplate":"https:\/\/cafedesign.com.br\/photon\/?s={search_term_string}"},"query-input":{"@type":"PropertyValueSpecification","valueRequired":true,"valueName":"search_term_string"}}],"inLanguage":"pt-BR"},{"@type":"Organization","@id":"https:\/\/cafedesign.com.br\/photon\/#organization","name":"Dr. Carlos Petto","url":"https:\/\/cafedesign.com.br\/photon\/","logo":{"@type":"ImageObject","inLanguage":"pt-BR","@id":"https:\/\/cafedesign.com.br\/photon\/#\/schema\/logo\/image\/","url":"","contentUrl":"","caption":"Dr. Carlos Petto"},"image":{"@id":"https:\/\/cafedesign.com.br\/photon\/#\/schema\/logo\/image\/"},"sameAs":["https:\/\/www.instagram.com\/drcarlospetto\/","https:\/\/www.doctoralia.com.br\/carlos-petto\/urologista\/rio-de-janeiro","https:\/\/www.linkedin.com\/in\/carlospetto\/"]}]}},"_links":{"self":[{"href":"https:\/\/cafedesign.com.br\/photon\/wp-json\/wp\/v2\/pages\/77","targetHints":{"allow":["GET"]}}],"collection":[{"href":"https:\/\/cafedesign.com.br\/photon\/wp-json\/wp\/v2\/pages"}],"about":[{"href":"https:\/\/cafedesign.com.br\/photon\/wp-json\/wp\/v2\/types\/page"}],"author":[{"embeddable":true,"href":"https:\/\/cafedesign.com.br\/photon\/wp-json\/wp\/v2\/users\/3"}],"replies":[{"embeddable":true,"href":"https:\/\/cafedesign.com.br\/photon\/wp-json\/wp\/v2\/comments?post=77"}],"version-history":[{"count":1126,"href":"https:\/\/cafedesign.com.br\/photon\/wp-json\/wp\/v2\/pages\/77\/revisions"}],"predecessor-version":[{"id":10047,"href":"https:\/\/cafedesign.com.br\/photon\/wp-json\/wp\/v2\/pages\/77\/revisions\/10047"}],"wp:attachment":[{"href":"https:\/\/cafedesign.com.br\/photon\/wp-json\/wp\/v2\/media?parent=77"}],"curies":[{"name":"wp","href":"https:\/\/api.w.org\/{rel}","templated":true}]}}