{"id":8285,"date":"2025-07-02T11:04:45","date_gmt":"2025-07-02T14:04:45","guid":{"rendered":"https:\/\/cafedesign.com.br\/photon\/?page_id=8285"},"modified":"2025-08-15T12:35:57","modified_gmt":"2025-08-15T15:35:57","slug":"exames-complementares","status":"publish","type":"page","link":"https:\/\/cafedesign.com.br\/photon\/exames-complementares\/","title":{"rendered":"Exames Complementares"},"content":{"rendered":"\t\t<div data-elementor-type=\"wp-page\" data-elementor-id=\"8285\" class=\"elementor elementor-8285\" data-elementor-post-type=\"page\">\n\t\t\t\t<div class=\"elementor-element elementor-element-daf760d e-flex e-con-boxed e-con e-parent\" data-id=\"daf760d\" data-element_type=\"container\" data-settings=\"{&quot;background_background&quot;:&quot;classic&quot;}\">\n\t\t\t\t\t<div class=\"e-con-inner\">\n\t\t<div class=\"elementor-element elementor-element-6a54d40 e-con-full e-flex e-con e-child\" data-id=\"6a54d40\" data-element_type=\"container\">\n\t\t\t\t<div class=\"elementor-element elementor-element-4e676ff elementor-mobile-align-center elementor-align-center elementor-widget elementor-widget-breadcrumbs\" data-id=\"4e676ff\" data-element_type=\"widget\" data-widget_type=\"breadcrumbs.default\">\n\t\t\t\t\t<p id=\"breadcrumbs\"><span><span><a href=\"https:\/\/cafedesign.com.br\/photon\/\">Home<\/a><\/span><\/span><\/p>\t\t\t\t<\/div>\n\t\t\t\t<div class=\"elementor-element elementor-element-ab2dc01 elementor-widget-divider--view-line elementor-widget elementor-widget-divider\" data-id=\"ab2dc01\" data-element_type=\"widget\" data-widget_type=\"divider.default\">\n\t\t\t\t\t\t\t<div class=\"elementor-divider\">\n\t\t\t<span class=\"elementor-divider-separator\">\n\t\t\t\t\t\t<\/span>\n\t\t<\/div>\n\t\t\t\t\t\t<\/div>\n\t\t\t\t<div class=\"elementor-element elementor-element-0ad3b10 elementor-hidden-mobile elementor-widget elementor-widget-heading\" data-id=\"0ad3b10\" data-element_type=\"widget\" data-widget_type=\"heading.default\">\n\t\t\t\t\t<h1 class=\"elementor-heading-title elementor-size-default\">EXAMES COMPLEMENTARES<\/h1>\t\t\t\t<\/div>\n\t\t\t\t<div class=\"elementor-element elementor-element-e61c3da elementor-hidden-desktop elementor-hidden-tablet elementor-widget elementor-widget-heading\" data-id=\"e61c3da\" data-element_type=\"widget\" data-widget_type=\"heading.default\">\n\t\t\t\t\t<h1 class=\"elementor-heading-title elementor-size-default\">EXAMES COMPLEMENTARES<\/h1>\t\t\t\t<\/div>\n\t\t\t\t<div class=\"elementor-element elementor-element-b2fdf49 elementor-widget-divider--view-line elementor-widget elementor-widget-divider\" data-id=\"b2fdf49\" data-element_type=\"widget\" data-widget_type=\"divider.default\">\n\t\t\t\t\t\t\t<div class=\"elementor-divider\">\n\t\t\t<span class=\"elementor-divider-separator\">\n\t\t\t\t\t\t<\/span>\n\t\t<\/div>\n\t\t\t\t\t\t<\/div>\n\t\t\t\t<div class=\"elementor-element elementor-element-555a4fb elementor-widget__width-initial elementor-widget elementor-widget-heading\" data-id=\"555a4fb\" data-element_type=\"widget\" data-widget_type=\"heading.default\">\n\t\t\t\t\t<h2 class=\"elementor-heading-title elementor-size-default\">Tecnologia para diagn\u00f3sticos precisos e personalizados.<\/h2>\t\t\t\t<\/div>\n\t\t\t\t<div class=\"elementor-element elementor-element-a69f651 elementor-widget__width-initial elementor-widget elementor-widget-text-editor\" data-id=\"a69f651\" data-element_type=\"widget\" data-widget_type=\"text-editor.default\">\n\t\t\t\t\t\t\t\t\t<p>Na <strong>Photon Oftalmologia Avan\u00e7ada<\/strong>, realizamos exames oftalmol\u00f3gicos com tecnologia de \u00faltima gera\u00e7\u00e3o, garantindo precis\u00e3o nos diagn\u00f3sticos e mais seguran\u00e7a no tratamento. Conhe\u00e7a nossos principais exames:<\/p>\t\t\t\t\t\t\t\t<\/div>\n\t\t\t\t<\/div>\n\t\t\t\t\t<\/div>\n\t\t\t\t<\/div>\n\t\t<div class=\"elementor-element elementor-element-563b051 e-flex e-con-boxed e-con e-parent\" data-id=\"563b051\" data-element_type=\"container\" data-settings=\"{&quot;background_background&quot;:&quot;classic&quot;}\">\n\t\t\t\t\t<div class=\"e-con-inner\">\n\t\t<div class=\"elementor-element elementor-element-3b92306 e-con-full e-flex e-con e-child\" data-id=\"3b92306\" data-element_type=\"container\">\n\t\t<div class=\"elementor-element elementor-element-54c6f47 e-con-full e-flex e-con e-child\" data-id=\"54c6f47\" data-element_type=\"container\">\n\t\t\t\t<div class=\"elementor-element elementor-element-26616e6 elementor-icon-list--layout-traditional elementor-list-item-link-full_width elementor-widget elementor-widget-icon-list\" data-id=\"26616e6\" data-element_type=\"widget\" data-widget_type=\"icon-list.default\">\n\t\t\t\t\t\t\t<ul class=\"elementor-icon-list-items\">\n\t\t\t\t\t\t\t<li class=\"elementor-icon-list-item\">\n\t\t\t\t\t\t\t\t\t\t\t<span class=\"elementor-icon-list-icon\">\n\t\t\t\t\t\t\t<svg aria-hidden=\"true\" class=\"e-font-icon-svg e-fas-check\" viewBox=\"0 0 512 512\" xmlns=\"http:\/\/www.w3.org\/2000\/svg\"><path d=\"M173.898 439.404l-166.4-166.4c-9.997-9.997-9.997-26.206 0-36.204l36.203-36.204c9.997-9.998 26.207-9.998 36.204 0L192 312.69 432.095 72.596c9.997-9.997 26.207-9.997 36.204 0l36.203 36.204c9.997 9.997 9.997 26.206 0 36.204l-294.4 294.401c-9.998 9.997-26.207 9.997-36.204-.001z\"><\/path><\/svg>\t\t\t\t\t\t<\/span>\n\t\t\t\t\t\t\t\t\t\t<span class=\"elementor-icon-list-text\"><b>Mapeamento de Retina:<\/b> Avalia detalhadamente a retina, permitindo diagnosticar doen\u00e7as como retinopatia diab\u00e9tica, descolamento de retina, degenera\u00e7\u00e3o macular, doen\u00e7as vasculares, e doen\u00e7as do nervo \u00f3ptico.<\/span>\n\t\t\t\t\t\t\t\t\t<\/li>\n\t\t\t\t\t\t\t\t<li class=\"elementor-icon-list-item\">\n\t\t\t\t\t\t\t\t\t\t\t<span class=\"elementor-icon-list-icon\">\n\t\t\t\t\t\t\t<svg aria-hidden=\"true\" class=\"e-font-icon-svg e-fas-check\" viewBox=\"0 0 512 512\" xmlns=\"http:\/\/www.w3.org\/2000\/svg\"><path d=\"M173.898 439.404l-166.4-166.4c-9.997-9.997-9.997-26.206 0-36.204l36.203-36.204c9.997-9.998 26.207-9.998 36.204 0L192 312.69 432.095 72.596c9.997-9.997 26.207-9.997 36.204 0l36.203 36.204c9.997 9.997 9.997 26.206 0 36.204l-294.4 294.401c-9.998 9.997-26.207 9.997-36.204-.001z\"><\/path><\/svg>\t\t\t\t\t\t<\/span>\n\t\t\t\t\t\t\t\t\t\t<span class=\"elementor-icon-list-text\"><b>Campimetria computadorizada:<\/b> Mede o campo visual perif\u00e9rico e central, fundamental para o diagn\u00f3stico e monitoramento do glaucoma, bem como doen\u00e7as da retina e do nervo \u00f3ptico.<\/span>\n\t\t\t\t\t\t\t\t\t<\/li>\n\t\t\t\t\t\t\t\t<li class=\"elementor-icon-list-item\">\n\t\t\t\t\t\t\t\t\t\t\t<span class=\"elementor-icon-list-icon\">\n\t\t\t\t\t\t\t<svg aria-hidden=\"true\" class=\"e-font-icon-svg e-fas-check\" viewBox=\"0 0 512 512\" xmlns=\"http:\/\/www.w3.org\/2000\/svg\"><path d=\"M173.898 439.404l-166.4-166.4c-9.997-9.997-9.997-26.206 0-36.204l36.203-36.204c9.997-9.998 26.207-9.998 36.204 0L192 312.69 432.095 72.596c9.997-9.997 26.207-9.997 36.204 0l36.203 36.204c9.997 9.997 9.997 26.206 0 36.204l-294.4 294.401c-9.998 9.997-26.207 9.997-36.204-.001z\"><\/path><\/svg>\t\t\t\t\t\t<\/span>\n\t\t\t\t\t\t\t\t\t\t<span class=\"elementor-icon-list-text\"><b>Tonometria:<\/b> Avalia a press\u00e3o intraocular, sendo um exame-chave na detec\u00e7\u00e3o precoce do glaucoma.<\/span>\n\t\t\t\t\t\t\t\t\t<\/li>\n\t\t\t\t\t\t\t\t<li class=\"elementor-icon-list-item\">\n\t\t\t\t\t\t\t\t\t\t\t<span class=\"elementor-icon-list-icon\">\n\t\t\t\t\t\t\t<svg aria-hidden=\"true\" class=\"e-font-icon-svg e-fas-check\" viewBox=\"0 0 512 512\" xmlns=\"http:\/\/www.w3.org\/2000\/svg\"><path d=\"M173.898 439.404l-166.4-166.4c-9.997-9.997-9.997-26.206 0-36.204l36.203-36.204c9.997-9.998 26.207-9.998 36.204 0L192 312.69 432.095 72.596c9.997-9.997 26.207-9.997 36.204 0l36.203 36.204c9.997 9.997 9.997 26.206 0 36.204l-294.4 294.401c-9.998 9.997-26.207 9.997-36.204-.001z\"><\/path><\/svg>\t\t\t\t\t\t<\/span>\n\t\t\t\t\t\t\t\t\t\t<span class=\"elementor-icon-list-text\"><b>Paquimetria Corneana:<\/b> Mede a espessura da c\u00f3rnea, importante para avaliar a indica\u00e7\u00e3o de cirurgia refrativa e interpretar corretamente a press\u00e3o intraocular.<\/span>\n\t\t\t\t\t\t\t\t\t<\/li>\n\t\t\t\t\t\t\t\t<li class=\"elementor-icon-list-item\">\n\t\t\t\t\t\t\t\t\t\t\t<span class=\"elementor-icon-list-icon\">\n\t\t\t\t\t\t\t<svg aria-hidden=\"true\" class=\"e-font-icon-svg e-fas-check\" viewBox=\"0 0 512 512\" xmlns=\"http:\/\/www.w3.org\/2000\/svg\"><path d=\"M173.898 439.404l-166.4-166.4c-9.997-9.997-9.997-26.206 0-36.204l36.203-36.204c9.997-9.998 26.207-9.998 36.204 0L192 312.69 432.095 72.596c9.997-9.997 26.207-9.997 36.204 0l36.203 36.204c9.997 9.997 9.997 26.206 0 36.204l-294.4 294.401c-9.998 9.997-26.207 9.997-36.204-.001z\"><\/path><\/svg>\t\t\t\t\t\t<\/span>\n\t\t\t\t\t\t\t\t\t\t<span class=\"elementor-icon-list-text\"><b>Microscopia Especular Corneana:<\/b> Analisa a quantidade e a qualidade das c\u00e9lulas do endot\u00e9lio da c\u00f3rnea, sendo indicada em casos de pr\u00e9-operat\u00f3rio de cirurgia de catarata, cirurgia refrativa, ou doen\u00e7as da c\u00f3rnea.<\/span>\n\t\t\t\t\t\t\t\t\t<\/li>\n\t\t\t\t\t\t<\/ul>\n\t\t\t\t\t\t<\/div>\n\t\t\t\t<\/div>\n\t\t<div class=\"elementor-element elementor-element-66a9941 e-con-full e-flex e-con e-child\" data-id=\"66a9941\" data-element_type=\"container\">\n\t\t\t\t<div class=\"elementor-element elementor-element-a09182a elementor-icon-list--layout-traditional elementor-list-item-link-full_width elementor-widget elementor-widget-icon-list\" data-id=\"a09182a\" data-element_type=\"widget\" data-widget_type=\"icon-list.default\">\n\t\t\t\t\t\t\t<ul class=\"elementor-icon-list-items\">\n\t\t\t\t\t\t\t<li class=\"elementor-icon-list-item\">\n\t\t\t\t\t\t\t\t\t\t\t<span class=\"elementor-icon-list-icon\">\n\t\t\t\t\t\t\t<svg aria-hidden=\"true\" class=\"e-font-icon-svg e-fas-check\" viewBox=\"0 0 512 512\" xmlns=\"http:\/\/www.w3.org\/2000\/svg\"><path d=\"M173.898 439.404l-166.4-166.4c-9.997-9.997-9.997-26.206 0-36.204l36.203-36.204c9.997-9.998 26.207-9.998 36.204 0L192 312.69 432.095 72.596c9.997-9.997 26.207-9.997 36.204 0l36.203 36.204c9.997 9.997 9.997 26.206 0 36.204l-294.4 294.401c-9.998 9.997-26.207 9.997-36.204-.001z\"><\/path><\/svg>\t\t\t\t\t\t<\/span>\n\t\t\t\t\t\t\t\t\t\t<span class=\"elementor-icon-list-text\"><b>Topografia Corneana:<\/b> Mapeia a curvatura da c\u00f3rnea em detalhes, ideal para diagn\u00f3stico de ceratocone e planejamento de cirurgias refrativas e de catarata.<\/span>\n\t\t\t\t\t\t\t\t\t<\/li>\n\t\t\t\t\t\t\t\t<li class=\"elementor-icon-list-item\">\n\t\t\t\t\t\t\t\t\t\t\t<span class=\"elementor-icon-list-icon\">\n\t\t\t\t\t\t\t<svg aria-hidden=\"true\" class=\"e-font-icon-svg e-fas-check\" viewBox=\"0 0 512 512\" xmlns=\"http:\/\/www.w3.org\/2000\/svg\"><path d=\"M173.898 439.404l-166.4-166.4c-9.997-9.997-9.997-26.206 0-36.204l36.203-36.204c9.997-9.998 26.207-9.998 36.204 0L192 312.69 432.095 72.596c9.997-9.997 26.207-9.997 36.204 0l36.203 36.204c9.997 9.997 9.997 26.206 0 36.204l-294.4 294.401c-9.998 9.997-26.207 9.997-36.204-.001z\"><\/path><\/svg>\t\t\t\t\t\t<\/span>\n\t\t\t\t\t\t\t\t\t\t<span class=\"elementor-icon-list-text\"><b>Retinografia:<\/b> Exame fotogr\u00e1fico do fundo do olho, que documenta altera\u00e7\u00f5es na retina, m\u00e1cula e nervo \u00f3ptico, \u00fatil no controle de doen\u00e7as como diabetes, degenera\u00e7\u00e3o macular, doen\u00e7as vasculares da retina, glaucoma e doen\u00e7as do nervo \u00f3ptico.<\/span>\n\t\t\t\t\t\t\t\t\t<\/li>\n\t\t\t\t\t\t\t\t<li class=\"elementor-icon-list-item\">\n\t\t\t\t\t\t\t\t\t\t\t<span class=\"elementor-icon-list-icon\">\n\t\t\t\t\t\t\t<svg aria-hidden=\"true\" class=\"e-font-icon-svg e-fas-check\" viewBox=\"0 0 512 512\" xmlns=\"http:\/\/www.w3.org\/2000\/svg\"><path d=\"M173.898 439.404l-166.4-166.4c-9.997-9.997-9.997-26.206 0-36.204l36.203-36.204c9.997-9.998 26.207-9.998 36.204 0L192 312.69 432.095 72.596c9.997-9.997 26.207-9.997 36.204 0l36.203 36.204c9.997 9.997 9.997 26.206 0 36.204l-294.4 294.401c-9.998 9.997-26.207 9.997-36.204-.001z\"><\/path><\/svg>\t\t\t\t\t\t<\/span>\n\t\t\t\t\t\t\t\t\t\t<span class=\"elementor-icon-list-text\"><b>Biometria \u00f3ptica:<\/b>exame que mede dados do globo ocular, permitindo estimar o melhor grau da lente intraocular a ser implantada na cirurgia de catarata.<\/span>\n\t\t\t\t\t\t\t\t\t<\/li>\n\t\t\t\t\t\t\t\t<li class=\"elementor-icon-list-item\">\n\t\t\t\t\t\t\t\t\t\t\t<span class=\"elementor-icon-list-icon\">\n\t\t\t\t\t\t\t<svg aria-hidden=\"true\" class=\"e-font-icon-svg e-fas-check\" viewBox=\"0 0 512 512\" xmlns=\"http:\/\/www.w3.org\/2000\/svg\"><path d=\"M173.898 439.404l-166.4-166.4c-9.997-9.997-9.997-26.206 0-36.204l36.203-36.204c9.997-9.998 26.207-9.998 36.204 0L192 312.69 432.095 72.596c9.997-9.997 26.207-9.997 36.204 0l36.203 36.204c9.997 9.997 9.997 26.206 0 36.204l-294.4 294.401c-9.998 9.997-26.207 9.997-36.204-.001z\"><\/path><\/svg>\t\t\t\t\t\t<\/span>\n\t\t\t\t\t\t\t\t\t\t<span class=\"elementor-icon-list-text\"><b>Gonioscopia:<\/b> exame que avalia o \u00e2ngulo da c\u00e2mara anterior do olho, buscando avaliar sua amplitude (aberto ou estreito), bem como altera\u00e7\u00f5es que possam causar glaucoma ou aumento da hipertens\u00e3o ocular. <\/span>\n\t\t\t\t\t\t\t\t\t<\/li>\n\t\t\t\t\t\t<\/ul>\n\t\t\t\t\t\t<\/div>\n\t\t\t\t<\/div>\n\t\t\t\t<\/div>\n\t\t\t\t\t<\/div>\n\t\t\t\t<\/div>\n\t\t<div class=\"elementor-element elementor-element-20834cb e-flex e-con-boxed e-con e-parent\" data-id=\"20834cb\" data-element_type=\"container\" data-settings=\"{&quot;background_background&quot;:&quot;classic&quot;}\">\n\t\t\t\t\t<div class=\"e-con-inner\">\n\t\t\t\t<div class=\"elementor-element elementor-element-ce3d020 elementor-widget__width-initial elementor-widget elementor-widget-heading\" data-id=\"ce3d020\" data-element_type=\"widget\" data-widget_type=\"heading.default\">\n\t\t\t\t\t<h2 class=\"elementor-heading-title elementor-size-default\">Com nossos exames, \u00e9 poss\u00edvel realizar diagn\u00f3sticos precoces e planejar o tratamento ideal para cada caso.<\/h2>\t\t\t\t<\/div>\n\t\t\t\t\t<\/div>\n\t\t\t\t<\/div>\n\t\t\t\t<\/div>\n\t\t","protected":false},"excerpt":{"rendered":"<p>EXAMES COMPLEMENTARES EXAMES COMPLEMENTARES Tecnologia para diagn\u00f3sticos precisos e personalizados. Na Photon Oftalmologia Avan\u00e7ada, realizamos exames oftalmol\u00f3gicos com tecnologia de \u00faltima gera\u00e7\u00e3o, garantindo precis\u00e3o nos diagn\u00f3sticos e mais seguran\u00e7a no tratamento. Conhe\u00e7a nossos principais exames: Mapeamento de Retina: Avalia detalhadamente a retina, permitindo diagnosticar doen\u00e7as como retinopatia diab\u00e9tica, descolamento de retina, degenera\u00e7\u00e3o macular, doen\u00e7as vasculares, [&hellip;]<\/p>\n","protected":false},"author":3,"featured_media":8276,"parent":0,"menu_order":0,"comment_status":"closed","ping_status":"closed","template":"","meta":{"inline_featured_image":false,"footnotes":""},"class_list":["post-8285","page","type-page","status-publish","has-post-thumbnail","hentry"],"yoast_head":"<!-- This site is optimized with the Yoast SEO plugin v25.7 - https:\/\/yoast.com\/wordpress\/plugins\/seo\/ -->\n<title>Exames Complementares - Photon Oftalmologia Avan\u00e7ada<\/title>\n<meta name=\"description\" content=\"Lorem ipsum dolor sit amet, consectetur adipiscing elit. Mauris finibus elit fringilla, varius nulla ac, eleifend eros. Etiam posuere purus lorem, in convallis augue convallis a. Quisque pretium pulvinar condimentum.\" \/>\n<meta name=\"robots\" content=\"index, follow, max-snippet:-1, max-image-preview:large, max-video-preview:-1\" \/>\n<link rel=\"canonical\" href=\"https:\/\/cafedesign.com.br\/photon\/exames-complementares\/\" \/>\n<meta property=\"og:locale\" content=\"pt_BR\" \/>\n<meta property=\"og:type\" content=\"article\" \/>\n<meta property=\"og:title\" content=\"Exames Complementares - Photon Oftalmologia Avan\u00e7ada\" \/>\n<meta property=\"og:description\" content=\"Lorem ipsum dolor sit amet, consectetur adipiscing elit. Mauris finibus elit fringilla, varius nulla ac, eleifend eros. Etiam posuere purus lorem, in convallis augue convallis a. Quisque pretium pulvinar condimentum.\" \/>\n<meta property=\"og:url\" content=\"https:\/\/cafedesign.com.br\/photon\/exames-complementares\/\" \/>\n<meta property=\"og:site_name\" content=\"Photon Oftalmologia\" \/>\n<meta property=\"article:modified_time\" content=\"2025-08-15T15:35:57+00:00\" \/>\n<meta property=\"og:image\" content=\"https:\/\/cafedesign.com.br\/photon\/wp-content\/uploads\/2025\/06\/imagem-destacada.png\" \/>\n\t<meta property=\"og:image:width\" content=\"1200\" \/>\n\t<meta property=\"og:image:height\" content=\"1200\" \/>\n\t<meta property=\"og:image:type\" content=\"image\/png\" \/>\n<meta name=\"twitter:card\" content=\"summary_large_image\" \/>\n<meta name=\"twitter:title\" content=\"Exames Complementares - Photon Oftalmologia Avan\u00e7ada\" \/>\n<meta name=\"twitter:description\" content=\"Lorem ipsum dolor sit amet, consectetur adipiscing elit. Mauris finibus elit fringilla, varius nulla ac, eleifend eros. Etiam posuere purus lorem, in convallis augue convallis a. Quisque pretium pulvinar condimentum.\" \/>\n<meta name=\"twitter:image\" content=\"https:\/\/cafedesign.com.br\/photon\/wp-content\/uploads\/2025\/06\/imagem-destacada.png\" \/>\n<meta name=\"twitter:label1\" content=\"Est. tempo de leitura\" \/>\n\t<meta name=\"twitter:data1\" content=\"2 minutos\" \/>\n<script type=\"application\/ld+json\" class=\"yoast-schema-graph\">{\"@context\":\"https:\/\/schema.org\",\"@graph\":[{\"@type\":\"WebPage\",\"@id\":\"https:\/\/cafedesign.com.br\/photon\/exames-complementares\/\",\"url\":\"https:\/\/cafedesign.com.br\/photon\/exames-complementares\/\",\"name\":\"Exames Complementares - Photon Oftalmologia Avan\u00e7ada\",\"isPartOf\":{\"@id\":\"https:\/\/cafedesign.com.br\/photon\/#website\"},\"primaryImageOfPage\":{\"@id\":\"https:\/\/cafedesign.com.br\/photon\/exames-complementares\/#primaryimage\"},\"image\":{\"@id\":\"https:\/\/cafedesign.com.br\/photon\/exames-complementares\/#primaryimage\"},\"thumbnailUrl\":\"https:\/\/cafedesign.com.br\/photon\/wp-content\/uploads\/2025\/06\/imagem-destacada.png\",\"datePublished\":\"2025-07-02T14:04:45+00:00\",\"dateModified\":\"2025-08-15T15:35:57+00:00\",\"description\":\"Lorem ipsum dolor sit amet, consectetur adipiscing elit. Mauris finibus elit fringilla, varius nulla ac, eleifend eros. Etiam posuere purus lorem, in convallis augue convallis a. Quisque pretium pulvinar condimentum.\",\"breadcrumb\":{\"@id\":\"https:\/\/cafedesign.com.br\/photon\/exames-complementares\/#breadcrumb\"},\"inLanguage\":\"pt-BR\",\"potentialAction\":[{\"@type\":\"ReadAction\",\"target\":[\"https:\/\/cafedesign.com.br\/photon\/exames-complementares\/\"]}]},{\"@type\":\"ImageObject\",\"inLanguage\":\"pt-BR\",\"@id\":\"https:\/\/cafedesign.com.br\/photon\/exames-complementares\/#primaryimage\",\"url\":\"https:\/\/cafedesign.com.br\/photon\/wp-content\/uploads\/2025\/06\/imagem-destacada.png\",\"contentUrl\":\"https:\/\/cafedesign.com.br\/photon\/wp-content\/uploads\/2025\/06\/imagem-destacada.png\",\"width\":1200,\"height\":1200,\"caption\":\"Photon Oftalmologia Avan\u00e7ada\"},{\"@type\":\"BreadcrumbList\",\"@id\":\"https:\/\/cafedesign.com.br\/photon\/exames-complementares\/#breadcrumb\",\"itemListElement\":[{\"@type\":\"ListItem\",\"position\":1,\"name\":\"Home\",\"item\":\"https:\/\/cafedesign.com.br\/photon\/\"},{\"@type\":\"ListItem\",\"position\":2,\"name\":\"Exames Complementares\"}]},{\"@type\":\"WebSite\",\"@id\":\"https:\/\/cafedesign.com.br\/photon\/#website\",\"url\":\"https:\/\/cafedesign.com.br\/photon\/\",\"name\":\"Dr. Carlos Petto\",\"description\":\"Oftalmologia com Excel\u00eancia. Acompanhamento completo e melhoria da qualidade visual do paciente.\",\"publisher\":{\"@id\":\"https:\/\/cafedesign.com.br\/photon\/#organization\"},\"potentialAction\":[{\"@type\":\"SearchAction\",\"target\":{\"@type\":\"EntryPoint\",\"urlTemplate\":\"https:\/\/cafedesign.com.br\/photon\/?s={search_term_string}\"},\"query-input\":{\"@type\":\"PropertyValueSpecification\",\"valueRequired\":true,\"valueName\":\"search_term_string\"}}],\"inLanguage\":\"pt-BR\"},{\"@type\":\"Organization\",\"@id\":\"https:\/\/cafedesign.com.br\/photon\/#organization\",\"name\":\"Dr. Carlos Petto\",\"url\":\"https:\/\/cafedesign.com.br\/photon\/\",\"logo\":{\"@type\":\"ImageObject\",\"inLanguage\":\"pt-BR\",\"@id\":\"https:\/\/cafedesign.com.br\/photon\/#\/schema\/logo\/image\/\",\"url\":\"\",\"contentUrl\":\"\",\"caption\":\"Dr. Carlos Petto\"},\"image\":{\"@id\":\"https:\/\/cafedesign.com.br\/photon\/#\/schema\/logo\/image\/\"},\"sameAs\":[\"https:\/\/www.instagram.com\/drcarlospetto\/\",\"https:\/\/www.doctoralia.com.br\/carlos-petto\/urologista\/rio-de-janeiro\",\"https:\/\/www.linkedin.com\/in\/carlospetto\/\"]}]}<\/script>\n<!-- \/ Yoast SEO plugin. -->","yoast_head_json":{"title":"Exames Complementares - Photon Oftalmologia Avan\u00e7ada","description":"Lorem ipsum dolor sit amet, consectetur adipiscing elit. Mauris finibus elit fringilla, varius nulla ac, eleifend eros. Etiam posuere purus lorem, in convallis augue convallis a. Quisque pretium pulvinar condimentum.","robots":{"index":"index","follow":"follow","max-snippet":"max-snippet:-1","max-image-preview":"max-image-preview:large","max-video-preview":"max-video-preview:-1"},"canonical":"https:\/\/cafedesign.com.br\/photon\/exames-complementares\/","og_locale":"pt_BR","og_type":"article","og_title":"Exames Complementares - Photon Oftalmologia Avan\u00e7ada","og_description":"Lorem ipsum dolor sit amet, consectetur adipiscing elit. Mauris finibus elit fringilla, varius nulla ac, eleifend eros. Etiam posuere purus lorem, in convallis augue convallis a. Quisque pretium pulvinar condimentum.","og_url":"https:\/\/cafedesign.com.br\/photon\/exames-complementares\/","og_site_name":"Photon Oftalmologia","article_modified_time":"2025-08-15T15:35:57+00:00","og_image":[{"width":1200,"height":1200,"url":"https:\/\/cafedesign.com.br\/photon\/wp-content\/uploads\/2025\/06\/imagem-destacada.png","type":"image\/png"}],"twitter_card":"summary_large_image","twitter_title":"Exames Complementares - Photon Oftalmologia Avan\u00e7ada","twitter_description":"Lorem ipsum dolor sit amet, consectetur adipiscing elit. Mauris finibus elit fringilla, varius nulla ac, eleifend eros. Etiam posuere purus lorem, in convallis augue convallis a. Quisque pretium pulvinar condimentum.","twitter_image":"https:\/\/cafedesign.com.br\/photon\/wp-content\/uploads\/2025\/06\/imagem-destacada.png","twitter_misc":{"Est. tempo de leitura":"2 minutos"},"schema":{"@context":"https:\/\/schema.org","@graph":[{"@type":"WebPage","@id":"https:\/\/cafedesign.com.br\/photon\/exames-complementares\/","url":"https:\/\/cafedesign.com.br\/photon\/exames-complementares\/","name":"Exames Complementares - Photon Oftalmologia Avan\u00e7ada","isPartOf":{"@id":"https:\/\/cafedesign.com.br\/photon\/#website"},"primaryImageOfPage":{"@id":"https:\/\/cafedesign.com.br\/photon\/exames-complementares\/#primaryimage"},"image":{"@id":"https:\/\/cafedesign.com.br\/photon\/exames-complementares\/#primaryimage"},"thumbnailUrl":"https:\/\/cafedesign.com.br\/photon\/wp-content\/uploads\/2025\/06\/imagem-destacada.png","datePublished":"2025-07-02T14:04:45+00:00","dateModified":"2025-08-15T15:35:57+00:00","description":"Lorem ipsum dolor sit amet, consectetur adipiscing elit. Mauris finibus elit fringilla, varius nulla ac, eleifend eros. Etiam posuere purus lorem, in convallis augue convallis a. Quisque pretium pulvinar condimentum.","breadcrumb":{"@id":"https:\/\/cafedesign.com.br\/photon\/exames-complementares\/#breadcrumb"},"inLanguage":"pt-BR","potentialAction":[{"@type":"ReadAction","target":["https:\/\/cafedesign.com.br\/photon\/exames-complementares\/"]}]},{"@type":"ImageObject","inLanguage":"pt-BR","@id":"https:\/\/cafedesign.com.br\/photon\/exames-complementares\/#primaryimage","url":"https:\/\/cafedesign.com.br\/photon\/wp-content\/uploads\/2025\/06\/imagem-destacada.png","contentUrl":"https:\/\/cafedesign.com.br\/photon\/wp-content\/uploads\/2025\/06\/imagem-destacada.png","width":1200,"height":1200,"caption":"Photon Oftalmologia Avan\u00e7ada"},{"@type":"BreadcrumbList","@id":"https:\/\/cafedesign.com.br\/photon\/exames-complementares\/#breadcrumb","itemListElement":[{"@type":"ListItem","position":1,"name":"Home","item":"https:\/\/cafedesign.com.br\/photon\/"},{"@type":"ListItem","position":2,"name":"Exames Complementares"}]},{"@type":"WebSite","@id":"https:\/\/cafedesign.com.br\/photon\/#website","url":"https:\/\/cafedesign.com.br\/photon\/","name":"Dr. Carlos Petto","description":"Oftalmologia com Excel\u00eancia. Acompanhamento completo e melhoria da qualidade visual do paciente.","publisher":{"@id":"https:\/\/cafedesign.com.br\/photon\/#organization"},"potentialAction":[{"@type":"SearchAction","target":{"@type":"EntryPoint","urlTemplate":"https:\/\/cafedesign.com.br\/photon\/?s={search_term_string}"},"query-input":{"@type":"PropertyValueSpecification","valueRequired":true,"valueName":"search_term_string"}}],"inLanguage":"pt-BR"},{"@type":"Organization","@id":"https:\/\/cafedesign.com.br\/photon\/#organization","name":"Dr. Carlos Petto","url":"https:\/\/cafedesign.com.br\/photon\/","logo":{"@type":"ImageObject","inLanguage":"pt-BR","@id":"https:\/\/cafedesign.com.br\/photon\/#\/schema\/logo\/image\/","url":"","contentUrl":"","caption":"Dr. Carlos Petto"},"image":{"@id":"https:\/\/cafedesign.com.br\/photon\/#\/schema\/logo\/image\/"},"sameAs":["https:\/\/www.instagram.com\/drcarlospetto\/","https:\/\/www.doctoralia.com.br\/carlos-petto\/urologista\/rio-de-janeiro","https:\/\/www.linkedin.com\/in\/carlospetto\/"]}]}},"_links":{"self":[{"href":"https:\/\/cafedesign.com.br\/photon\/wp-json\/wp\/v2\/pages\/8285","targetHints":{"allow":["GET"]}}],"collection":[{"href":"https:\/\/cafedesign.com.br\/photon\/wp-json\/wp\/v2\/pages"}],"about":[{"href":"https:\/\/cafedesign.com.br\/photon\/wp-json\/wp\/v2\/types\/page"}],"author":[{"embeddable":true,"href":"https:\/\/cafedesign.com.br\/photon\/wp-json\/wp\/v2\/users\/3"}],"replies":[{"embeddable":true,"href":"https:\/\/cafedesign.com.br\/photon\/wp-json\/wp\/v2\/comments?post=8285"}],"version-history":[{"count":158,"href":"https:\/\/cafedesign.com.br\/photon\/wp-json\/wp\/v2\/pages\/8285\/revisions"}],"predecessor-version":[{"id":10032,"href":"https:\/\/cafedesign.com.br\/photon\/wp-json\/wp\/v2\/pages\/8285\/revisions\/10032"}],"wp:featuredmedia":[{"embeddable":true,"href":"https:\/\/cafedesign.com.br\/photon\/wp-json\/wp\/v2\/media\/8276"}],"wp:attachment":[{"href":"https:\/\/cafedesign.com.br\/photon\/wp-json\/wp\/v2\/media?parent=8285"}],"curies":[{"name":"wp","href":"https:\/\/api.w.org\/{rel}","templated":true}]}}